{"id":574,"date":"2018-06-12T20:30:05","date_gmt":"2018-06-12T20:30:05","guid":{"rendered":"http:\/\/nexxusfoods.com\/?page_id=574"},"modified":"2021-05-19T13:19:51","modified_gmt":"2021-05-19T13:19:51","slug":"expertises","status":"publish","type":"page","link":"https:\/\/www.nexxusfoods.com\/fr\/expertises\/","title":{"rendered":"Champs d\u2019expertises"},"content":{"rendered":"<p>Nos champs d&rsquo;expertises<\/p>\n<p>Innovant avec une approche scientifique<\/p>\n<p>Compos\u00e9e des meilleurs sp\u00e9cialistes de l\u2019industrie, l\u2019\u00e9quipe de Nexxus Foods saura identifier la meilleure solution fonctionnelle pour r\u00e9pondre \u00e0 vos besoins sp\u00e9cifiques. Que ce soit par un ingr\u00e9dient fonctionnel ou encore le d\u00e9veloppement de solutions personnalis\u00e9es, Nexxus a la solution pour r\u00e9pondre \u00e0 vos besoins en termes de fonctionnalit\u00e9, texture, go\u00fbt, dur\u00e9e de vie et qualit\u00e9 nutritionnelle dans la conception de votre produit final.<\/p>\n<p>Des solutions fonctionnelles sans gluten ni OGM<\/p>\n<p>Nexxus Foods se distingue quant \u00e0 la qualit\u00e9 et la diversit\u00e9 de ses <a href=\"\/ingredients-specialises\/\"><u>ingr\u00e9dients<\/u><\/a>&nbsp;et <a href=\"melanges-personnalises\"><u>solutions fonctionnelles sans gluten ni OGM<\/u><\/a>. Informez-vous sur nos <strong>m\u00e9langes \u00e0 pain<\/strong>, <strong>cr\u00eapes<\/strong>, <strong>gaufres<\/strong>, <strong>pita<\/strong>, <strong>tortillas<\/strong>, <strong>cro\u00fbtes \u00e0 pizzas<\/strong>, <strong>biscuits<\/strong> et m\u00e9lange de <strong>prot\u00e9ines <\/strong>v\u00e9g\u00e9talien <strong>aux propri\u00e9t\u00e9s et <\/strong>au go\u00fbt tout simplement exceptionnels.<\/p>\n<p>L\u2019assurance d\u2019un service hautement personnalis\u00e9<\/p>\n<p><span style=\"font-weight: 400;\">Les pratiques d\u2019affaires de Nexxus sont bas\u00e9es sur une philosophie bien simple&nbsp;: tout ce que nous faisons doit servir les besoins de notre client en premier. Jumel\u00e9e \u00e0 nos valeurs fondamentales, cette mani\u00e8re de penser fait en sorte que vous b\u00e9n\u00e9ficiez toujours d\u2019une qualit\u00e9 et d\u2019un service sup\u00e9rieurs. Lorsque nous d\u00e9veloppons des produits et des formules sp\u00e9cialis\u00e9es pour votre entreprise, nous travaillons en collaboration \u00e9troite avec vous afin de cr\u00e9er la meilleure solution fonctionnelle qui soit sur le march\u00e9. De plus, nous garantissons une disponibilit\u00e9 accrue de notre inventaire et un contr\u00f4le rigoureux de notre chaine d\u2019approvisionnement pour toujours livrer des produits r\u00e9pondant aux plus hauts standards de qualit\u00e9 de l\u2019industrie. <\/span><\/p>\n<p><span style=\"font-weight: 400;\">Comme votre enti\u00e8re satisfaction est notre priorit\u00e9, nous assurons que toute demande soit trait\u00e9e dans les plus brefs d\u00e9lais et que notre prestation de service globale surpasse vos attentes. Parce votre succ\u00e8s comme partenaire d\u2019affaires est ce qui nous pousse \u00e0 toujours nous d\u00e9passer et \u00e0 innover.<\/span><\/p>\n<p>Notre processus de garantie de qualit\u00e9<\/p>\n","protected":false},"excerpt":{"rendered":"Nos champs d&rsquo;expertises Innovant avec une approche scientifique Compos\u00e9e des meilleurs sp\u00e9cialistes de l\u2019industrie, l\u2019\u00e9quipe de Nexxus Foods saura identifier la meilleure solution fonctionnelle pour r\u00e9pondre \u00e0 vos besoins sp\u00e9cifiques. Que ce soit par un ingr\u00e9dient fonctionnel ou encore le d\u00e9veloppement de solutions personnalis\u00e9es, Nexxus a la solution pour r\u00e9pondre \u00e0 vos besoins en termes&#8230; <a class=\"view-article\" href=\"https:\/\/www.nexxusfoods.com\/fr\/expertises\/\">Voir l&rsquo;article<\/a>","protected":false},"author":8,"featured_media":0,"parent":0,"menu_order":4,"comment_status":"closed","ping_status":"closed","template":"template-expertise.php","meta":{"_acf_changed":false,"footnotes":""},"class_list":["post-574","page","type-page","status-publish","hentry"],"acf":[],"_links":{"self":[{"href":"https:\/\/www.nexxusfoods.com\/fr\/wp-json\/wp\/v2\/pages\/574","targetHints":{"allow":["GET"]}}],"collection":[{"href":"https:\/\/www.nexxusfoods.com\/fr\/wp-json\/wp\/v2\/pages"}],"about":[{"href":"https:\/\/www.nexxusfoods.com\/fr\/wp-json\/wp\/v2\/types\/page"}],"author":[{"embeddable":true,"href":"https:\/\/www.nexxusfoods.com\/fr\/wp-json\/wp\/v2\/users\/8"}],"replies":[{"embeddable":true,"href":"https:\/\/www.nexxusfoods.com\/fr\/wp-json\/wp\/v2\/comments?post=574"}],"version-history":[{"count":58,"href":"https:\/\/www.nexxusfoods.com\/fr\/wp-json\/wp\/v2\/pages\/574\/revisions"}],"predecessor-version":[{"id":1933,"href":"https:\/\/www.nexxusfoods.com\/fr\/wp-json\/wp\/v2\/pages\/574\/revisions\/1933"}],"wp:attachment":[{"href":"https:\/\/www.nexxusfoods.com\/fr\/wp-json\/wp\/v2\/media?parent=574"}],"curies":[{"name":"wp","href":"https:\/\/api.w.org\/{rel}","templated":true}]}}